{"id":70,"date":"2025-05-18T09:15:25","date_gmt":"2025-05-18T09:15:25","guid":{"rendered":"https:\/\/maciejkrawiecki.pl\/?page_id=70"},"modified":"2025-05-18T09:20:26","modified_gmt":"2025-05-18T09:20:26","slug":"polityka-prywatnosci","status":"publish","type":"page","link":"https:\/\/maciejkrawiecki.pl\/?page_id=70","title":{"rendered":"Polityka prywatno\u015bci"},"content":{"rendered":"[et_pb_section fb_built=&#8221;1&#8243; admin_label=&#8221;section&#8221; _builder_version=&#8221;3.22&#8243;][et_pb_row admin_label=&#8221;row&#8221; _builder_version=&#8221;3.25&#8243; background_size=&#8221;initial&#8221; background_position=&#8221;top_left&#8221; background_repeat=&#8221;repeat&#8221;][et_pb_column type=&#8221;4_4&#8243; _builder_version=&#8221;3.25&#8243; custom_padding=&#8221;|||&#8221; custom_padding__hover=&#8221;|||&#8221;][et_pb_text admin_label=&#8221;Text&#8221; _builder_version=&#8221;4.4.4&#8243; background_size=&#8221;initial&#8221; background_position=&#8221;top_left&#8221; background_repeat=&#8221;repeat&#8221; hover_enabled=&#8221;0&#8243;]<p><\/p>\n<h1 class=\"wp-block-heading\"><b>Polityka prywatno\u015bci<\/b><\/h1>\n<h2><\/h2>\n<h2 class=\"wp-block-heading\"><\/h2>\n<p><span style=\"font-weight: 400;\">Celem niniejszej Polityki Prywatno\u015bci jest wyja\u015bnienie zasad, na jakich przetwarzane s\u0105 Pa\u0144stwa dane osobowe oraz om\u00f3wienie Pa\u0144stwa podstawowych praw zwi\u0105zanych z przetwarzaniem przez nas Pa\u0144stwa danych osobowych.<\/span><\/p>\n<p>Administrator danych osobowych<\/p>\n<p>\u00a0<span style=\"font-weight: 400;\">Administratorem danych osobowych jest <\/span>Deal Direct Sp. z o.o.<span style=\"font-weight: 400;\">, Email: <\/span>office@dealdirect.pl<span style=\"font-weight: 400;\"> Dane osobowe przetwarzane s\u0105 na zasadach okre\u015blonych w przepisach o ochronie danych osobowych, w tym w rozporz\u0105dzeniu Parlamentu Europejskiego i Rady (UE) 2016\/679 z dnia 27 kwietnia 2016 r. w sprawie ochrony os\u00f3b fizycznych w zwi\u0105zku z przetwarzaniem danych osobowych i w sprawie swobodnego przep\u0142ywu takich danych oraz uchylenia dyrektywy 95\/46\/WE (og\u00f3lne rozporz\u0105dzenie o ochronie danych) (\u201eRODO\u201d) oraz w polskich przepisach wydanych w zwi\u0105zku z RODO, w tym ustawie z dnia 10 maja 2018 r. o ochronie danych osobowych. Administrator zachowuje dane osobowe w poufno\u015bci i zabezpiecza je przed niepowo\u0142anym dost\u0119pem os\u00f3b trzecich na zasadach okre\u015blonych w wy\u017cej wskazanych aktach prawnych.<\/span><\/p>\n<p>&nbsp;<\/p>\n<p><span style=\"font-weight: 400;\">Administrator danych osobowych<\/span><\/p>\n<p><span style=\"font-weight: 400;\">W razie pyta\u0144 dotycz\u0105cych przetwarzania danych prosimy o kontakt z:<\/span><span style=\"font-weight: 400;\"><br \/> <\/span>Deal Direct Sp. z o.o.<span style=\"font-weight: 400;\"><br \/> <\/span><span style=\"font-weight: 400;\">Telefon: <\/span>515 090 131<span style=\"font-weight: 400;\"><br \/> <\/span><span style=\"font-weight: 400;\">e-mail: <\/span>office@dealdirect.pl<span style=\"font-weight: 400;\"><br \/> <\/span><span style=\"font-weight: 400;\">NIP: <\/span>7011182250<\/p>\n<p>&nbsp;<\/p>\n<p><span style=\"font-weight: 400;\">Zakres i cele przetwarzania danych osobowych<\/span><\/p>\n<p><span style=\"font-weight: 400;\">W ramach swojej dzia\u0142alno\u015bci dane osobowe s\u0105 zbierane i przetwarzane:<\/span><span style=\"font-weight: 400;\"><br \/> <\/span><span style=\"font-weight: 400;\">(a) w celach wynikaj\u0105cych z prawnie uzasadnionych interes\u00f3w realizowanych przez Administratora danych osobowych: w celu \u015bwiadczenia us\u0142ug na rzecz Klient\u00f3w, marketingu us\u0142ug Administratora, w tym w celu informowania o nowych produktach oferowanych przez Administratora oraz o jego dzia\u0142alno\u015bci (np. w ramach newslettera), a tak\u017ce w celach analitycznych, statystycznych oraz w celu zapewnienia bezpiecze\u0144stwa teleinformatycznego zwi\u0105zanego z witryn\u0105 Administratora (podstawa prawna art. 6 ust. 1 lit. f RODO);<\/span><span style=\"font-weight: 400;\"><br \/> <\/span><span style=\"font-weight: 400;\">(b) w celu wykonywania um\u00f3w zawieranych przez Administratora z klientami, w tym organizowania szkole\u0144, w celu wsp\u00f3\u0142pracy z dostawcami i innymi podmiotami wsp\u00f3\u0142pracuj\u0105cymi z Administratora (podstawa prawna art. 6 ust. 1 lit. b RODO);<\/span><span style=\"font-weight: 400;\"><br \/> <\/span><span style=\"font-weight: 400;\">(c) w celu prowadzenia rekrutacji os\u00f3b zainteresowanych prac\u0105 lub wsp\u00f3\u0142prac\u0105 z Administratorem (podstawa prawna, odpowiednio, art. 6 ust. 1 lit. c oraz art. 6 ust. 1 lit. a RODO);<\/span><span style=\"font-weight: 400;\"><br \/> <\/span><span style=\"font-weight: 400;\">Przetwarzamy dane osobowe r\u00f3wnie\u017c w zakresie wype\u0142nienia obowi\u0105zk\u00f3w prawnych ci\u0105\u017c\u0105cych na Administratorze (podstawa prawna art. 6 ust. 1 lit. c RODO).<\/span><\/p>\n<p>&nbsp;<\/p>\n<p><span style=\"font-weight: 400;\">Pa\u0144stwa prawa<\/span><\/p>\n<p><span style=\"font-weight: 400;\">Przetwarzanie Pa\u0144stwa danych osobowych odbywa si\u0119 na zasadzie dobrowolno\u015bci, jednak\u017ce w zale\u017cno\u015bci od okoliczno\u015bci odmowa udost\u0119pnienia danych lub \u017c\u0105danie ich usuni\u0119cia mo\u017ce uniemo\u017cliwi\u0107 nam np. kontakt w Pa\u0144stwem, przekazywanie Pa\u0144stwu informacji o dzia\u0142alno\u015bci Administratora lub wykonanie us\u0142ugi. Przetwarzanie danych osobowych w ramach \u015bwiadczenia us\u0142ug pomocy prawnej uregulowane jest w umowach zawieranych z klientami lub w og\u00f3lnych warunkach dot. \u015bwiadczenia us\u0142ug prawnych. Przesy\u0142anie informacji handlowych drog\u0105 elektroniczn\u0105 np. e-mailem uwarunkowane jest otrzymaniem od Pa\u0144stwa uprzedniej zgody, w tym udzielonej poprzez zapisanie si\u0119 do newslettera lub poprzez z\u0142o\u017cenie dyspozycji otrzymywania okre\u015blonych informacji, w tym tematycznych alert\u00f3w prawnych. Zgodnie z zasadami okre\u015blonymi w przepisach prawnych dotycz\u0105cych ochrony danych osobowych i w przewidzianym w nich zakresie przys\u0142uguje Pa\u0144stwu prawo dost\u0119pu do Pa\u0144stwa danych osobowych, prawo ich sprostowania, usuni\u0119cia lub ograniczenia przetwarzania oraz prawo do przenoszenia danych. Niekt\u00f3re z tych uprawnie\u0144 mog\u0105 nie przys\u0142ugiwa\u0107 w zakresie przetwarzania danych w ramach \u015bwiadczenia pomocy prawnej. Je\u017celi nie chc\u0105 Pa\u0144stwo, aby Administrator przetwarza\u0142 Pa\u0144stwa dane osobowe w celach marketingowych, mog\u0105 Pa\u0144stwo w ka\u017cdym czasie zg\u0142osi\u0107 sprzeciw wobec przetwarzania danych osobowych w tym celu.<\/span><\/p>\n<p>&nbsp;<\/p>\n<p><span style=\"font-weight: 400;\">Okres przetwarzania<\/span><\/p>\n<p><span style=\"font-weight: 400;\">&#8211; Dane osobowe b\u0119d\u0105 przetwarzane, odpowiednio, do czasu zrealizowania w\u0142a\u015bciwych prawnie uzasadnionych interes\u00f3w realizowanych przez administratora danych zwi\u0105zanych z przetwarzaniem okre\u015blonych danych, do czasu up\u0142ywu termin\u00f3w przedawnienia zwi\u0105zanych z umow\u0105, z kt\u00f3r\u0105 jest zwi\u0105zane przetwarzanie danych osobowych, lub zwi\u0105zanych z przedawnieniem obowi\u0105zk\u00f3w wynikaj\u0105cych z przepis\u00f3w prawa, do czasu wniesienia sprzeciwu w zakresie przetwarzania w celach marketingowych. Newsletter oraz inne podobne informacje przesy\u0142amy do czasu wniesienia sprzeciwu w tym zakresie.<\/span><\/p>\n<p><span style=\"font-weight: 400;\">Przekazywanie danych osobowych innym podmiotom<\/span><\/p>\n<p><span style=\"font-weight: 400;\">&#8211; Odbiorcami Pa\u0144stwa danych osobowych mog\u0105 by\u0107 w szczeg\u00f3lno\u015bci podmioty powi\u0105zane bezpo\u015brednio lub po\u015brednio z Administratorem, w szczeg\u00f3lno\u015bci w spos\u00f3b organizacyjny lub osobowy, kt\u00f3re mia\u0142yby siedzib\u0119 w jednym z Pa\u0144stw Cz\u0142onkowskich Unii Europejskiej, a tak\u017ce zewn\u0119trzni dostawcy us\u0142ug (np. podmioty \u015bwiadcz\u0105ce us\u0142ugi IT, w tym us\u0142ugi cloud computing, podmioty \u015bwiadcz\u0105ce us\u0142ugi w zakresie call center i dzia\u0142a\u0144 marketingowo-promocyjnych, inne podmioty przetwarzaj\u0105ce dane w imieniu Administratora na podstawie umowy powierzenia przetwarzania danych osobowych).<\/span><span style=\"font-weight: 400;\"><br \/> <\/span><span style=\"font-weight: 400;\">Pa\u0144stwa dane osobowe przetwarzane s\u0105 w siedzibie Administratora. Dane osobowe nie s\u0105 przekazywane do kraj\u00f3w znajduj\u0105cych si\u0119 poza Uni\u0105 Europejsk\u0105. W razie przekazania danych osobowych do pa\u0144stw trzecich znajduj\u0105cych si\u0119 poza UE Administrator zastosuje odpowiednie instrumenty maj\u0105ce na celu zapewnienie bezpiecze\u0144stwa Pa\u0144stwa danych osobowych.<\/span><\/p>\n<p><span style=\"font-weight: 400;\"><br \/> <\/span><span style=\"font-weight: 400;\">Administrator, w zwi\u0105zku ze wsp\u00f3\u0142prac\u0105 ze swoimi dostawcami oraz innymi kancelariami prawniczymi, mo\u017ce powierza\u0107 przetwarzanie Pa\u0144stwa danych osobowych wy\u017cej wskazanym podmiotom. Jednak\u017ce w ka\u017cdym przypadku podmioty te b\u0119d\u0105 zobowi\u0105zane do zachowania poufno\u015bci Pa\u0144stwa danych osobowych oraz do przetwarzania ich zgodnie z przepisami dotycz\u0105cymi ochrony danych osobowych oraz odpowiednimi instrukcjami Administratora.<\/span><\/p>\n<p><span style=\"font-weight: 400;\">Profilowanie<\/span><span style=\"font-weight: 400;\"> &#8211; Pa\u0144stwa dane osobowe b\u0119d\u0105 przedmiotem profilowania jako jednej z form zautomatyzowanego przetwarzania danych osobowych zgodnie z art. 22 ust. 1 i 2 RODO w celu przygotowania dla Pa\u0144stwa najlepszej oferty<\/span><\/p>\n<p>&nbsp;<\/p>\n<p class=\"wp-block-heading\"><span style=\"font-weight: 400;\">Zmiany Polityki Prywatno\u015bci<\/span><span style=\"font-weight: 400;\">&#8211; Wszelkie zmiany wprowadzane przez nas do Polityki Prywatno\u015bci w przysz\u0142o\u015bci b\u0119d\u0105 publikowane w witrynie Administratora, b\u0119d\u0105 obowi\u0105zywa\u0107 wy\u0142\u0105cznie na przysz\u0142o\u015b\u0107 i wejd\u0105 w \u017cycie po zaakceptowaniu zmodyfikowanej polityki prywatno\u015bci, o kt\u00f3rej zostan\u0105 Pa\u0144stwo zawiadomieni w drodze pojawiaj\u0105cego si\u0119 okna (pop-up window). O ile to mo\u017cliwe, uprzejmie prosimy o regularne sprawdzanie naszej witryny w celu sprawdzenia aktualizacji naszej Polityki Prywatno\u015bci. Je\u015bli nie akceptuj\u0105 Pa\u0144stwo naszej Polityki Prywatno\u015bci lub zmian w Polityce Prywatno\u015bci, powinni Pa\u0144stwo zaprzesta\u0107 korzystania z naszej strony internetowej.<\/span><\/p>\n<p><\/p>\n<p><\/p>\n<p><\/p>\n[\/et_pb_text][\/et_pb_column][\/et_pb_row][\/et_pb_section]","protected":false},"excerpt":{"rendered":"<p>[et_pb_section fb_built=&#8221;1&#8243; admin_label=&#8221;section&#8221; _builder_version=&#8221;3.22&#8243;][et_pb_row admin_label=&#8221;row&#8221; _builder_version=&#8221;3.25&#8243; background_size=&#8221;initial&#8221; background_position=&#8221;top_left&#8221; background_repeat=&#8221;repeat&#8221;][et_pb_column type=&#8221;4_4&#8243; _builder_version=&#8221;3.25&#8243; custom_padding=&#8221;|||&#8221; custom_padding__hover=&#8221;|||&#8221;][et_pb_text admin_label=&#8221;Text&#8221; _builder_version=&#8221;4.4.4&#8243; background_size=&#8221;initial&#8221; background_position=&#8221;top_left&#8221; background_repeat=&#8221;repeat&#8221; hover_enabled=&#8221;0&#8243;] Polityka prywatno\u015bci Celem niniejszej Polityki Prywatno\u015bci jest wyja\u015bnienie zasad, na jakich przetwarzane s\u0105 Pa\u0144stwa dane osobowe oraz om\u00f3wienie Pa\u0144stwa podstawowych praw zwi\u0105zanych z przetwarzaniem przez nas Pa\u0144stwa danych osobowych. Administrator danych osobowych \u00a0Administratorem danych osobowych jest [&hellip;]<\/p>\n","protected":false},"author":1,"featured_media":0,"parent":0,"menu_order":0,"comment_status":"closed","ping_status":"closed","template":"","meta":{"_et_pb_use_builder":"on","_et_pb_old_content":"<!-- wp:heading -->\n<h2 class=\"wp-block-heading\">Kim jeste\u015bmy<\/h2>\n<!-- \/wp:heading -->\n\n<!-- wp:paragraph -->\n<p><strong class=\"privacy-policy-tutorial\">Sugerowany tekst: <\/strong>Adres naszej strony internetowej to: https:\/\/maciejkrawiecki.pl.<\/p>\n<!-- \/wp:paragraph -->\n\n<!-- wp:heading -->\n<h2 class=\"wp-block-heading\">Komentarze<\/h2>\n<!-- \/wp:heading -->\n\n<!-- wp:paragraph -->\n<p><strong class=\"privacy-policy-tutorial\">Sugerowany tekst: <\/strong>Kiedy odwiedzaj\u0105cy witryn\u0119 zostawia komentarz, zbieramy dane widoczne w formularzu komentowania, jak i adres IP odwiedzaj\u0105cego oraz podpis jego przegl\u0105darki jako pomoc przy wykrywaniu spamu.<\/p>\n<!-- \/wp:paragraph -->\n\n<!-- wp:paragraph -->\n<p>Anonimizowany ci\u0105g znak\u00f3w utworzony z twojego adresu e-mail (zwany te\u017c hashem) mo\u017ce zosta\u0107 przes\u0142any do us\u0142ugi Gravatar w celu sprawdzenia czy jest u\u017cywany. Polityka prywatno\u015bci us\u0142ugi Gravatar jest dost\u0119pna pod adresem: https:\/\/automattic.com\/privacy\/. Po zatwierdzeniu komentarza tw\u00f3j obrazek profilowy jest widoczny publicznie w kontek\u015bcie twojego komentarza.<\/p>\n<!-- \/wp:paragraph -->\n\n<!-- wp:heading -->\n<h2 class=\"wp-block-heading\">Media<\/h2>\n<!-- \/wp:heading -->\n\n<!-- wp:paragraph -->\n<p><strong class=\"privacy-policy-tutorial\">Sugerowany tekst: <\/strong>Je\u015bli jeste\u015b zarejestrowanym u\u017cytkownikiem i wgrywasz na witryn\u0119 obrazki, powiniene\u015b unika\u0107 przesy\u0142ania obrazk\u00f3w z tagami EXIF lokalizacji. Odwiedzaj\u0105cy stron\u0119 mog\u0105 pobra\u0107 i odczyta\u0107 pe\u0142ne dane lokalizacyjne z obrazk\u00f3w w witrynie.<\/p>\n<!-- \/wp:paragraph -->\n\n<!-- wp:heading -->\n<h2 class=\"wp-block-heading\">Ciasteczka<\/h2>\n<!-- \/wp:heading -->\n\n<!-- wp:paragraph -->\n<p><strong class=\"privacy-policy-tutorial\">Sugerowany tekst: <\/strong>Je\u015bli skomentujesz co\u015b w witrynie, b\u0119dzie mo\u017cna wybra\u0107 opcj\u0119 zapisu nazwy, adresu e-mail i witryny internetowej w ciasteczkach, dzi\u0119ki kt\u00f3rym podczas pisania kolejnych komentarzy powy\u017csze informacje b\u0119d\u0105 ju\u017c dogodnie uzupe\u0142nione. Ciasteczka wygasaj\u0105 po roku.<\/p>\n<!-- \/wp:paragraph -->\n\n<!-- wp:paragraph -->\n<p>Je\u015bli odwiedzisz stron\u0119 logowania, utworzymy tymczasowe ciasteczko na potrzeby sprawdzenia czy twoja przegl\u0105darka akceptuje ciasteczka. Nie zawiera ono \u017cadnych danych osobistych i zostanie usuni\u0119te, kiedy przegl\u0105darka zostanie zamkni\u0119ta.<\/p>\n<!-- \/wp:paragraph -->\n\n<!-- wp:paragraph -->\n<p>Podczas logowania tworzymy dodatkowo kilka ciasteczek potrzebnych do zapisu twoich informacji logowania oraz wybranych opcji ekranu. Ciasteczka logowania wygasaj\u0105 po dw\u00f3ch dniach, a opcji ekranu po roku. Je\u015bli zaznaczysz opcj\u0119 \u201ePami\u0119taj mnie\u201d, logowanie wyga\u015bnie po dw\u00f3ch tygodniach. Je\u015bli wylogujesz si\u0119 ze swojego konta, ciasteczka logowania zostan\u0105 usuni\u0119te.<\/p>\n<!-- \/wp:paragraph -->\n\n<!-- wp:paragraph -->\n<p>Je\u015bli zmodyfikujesz albo opublikujesz artyku\u0142, w twojej przegl\u0105darce zostanie zapisane dodatkowe ciasteczko. To ciasteczko nie zawiera \u017cadnych danych osobistych, wskazuj\u0105c po prostu na identyfikator przed chwil\u0105 edytowanego artyku\u0142u. Wygasa ono po 1 dniu.<\/p>\n<!-- \/wp:paragraph -->\n\n<!-- wp:heading -->\n<h2 class=\"wp-block-heading\">Osadzone tre\u015bci z innych witryn<\/h2>\n<!-- \/wp:heading -->\n\n<!-- wp:paragraph -->\n<p><strong class=\"privacy-policy-tutorial\">Sugerowany tekst: <\/strong>Artyku\u0142y na tej witrynie mog\u0105 zawiera\u0107 osadzone tre\u015bci (np. filmy, obrazki, artyku\u0142y itp.). Osadzone tre\u015bci z innych witryn zachowuj\u0105 si\u0119 analogicznie do tego, jakby u\u017cytkownik odwiedzi\u0142 bezpo\u015brednio konkretn\u0105 witryn\u0119.<\/p>\n<!-- \/wp:paragraph -->\n\n<!-- wp:paragraph -->\n<p>Witryny mog\u0105 zbiera\u0107 informacje o tobie, u\u017cywa\u0107 ciasteczek, do\u0142\u0105cza\u0107 dodatkowe, zewn\u0119trzne systemy \u015bledzenia i monitorowa\u0107 twoje interakcje z osadzonym materia\u0142em, w\u0142\u0105czaj\u0105c w to \u015bledzenie twoich interakcji z osadzonym materia\u0142em je\u015bli posiadasz konto i jeste\u015b zalogowany w tamtej witrynie.<\/p>\n<!-- \/wp:paragraph -->\n\n<!-- wp:heading -->\n<h2 class=\"wp-block-heading\">Z kim dzielimy si\u0119 danymi<\/h2>\n<!-- \/wp:heading -->\n\n<!-- wp:paragraph -->\n<p><strong class=\"privacy-policy-tutorial\">Sugerowany tekst: <\/strong>Je\u015bli za\u017c\u0105dasz zresetowania has\u0142a, tw\u00f3j adres IP zostanie do\u0142\u0105czony do wysy\u0142anej wiadomo\u015bci.<\/p>\n<!-- \/wp:paragraph -->\n\n<!-- wp:heading -->\n<h2 class=\"wp-block-heading\">Jak d\u0142ugo przechowujemy twoje dane<\/h2>\n<!-- \/wp:heading -->\n\n<!-- wp:paragraph -->\n<p><strong class=\"privacy-policy-tutorial\">Sugerowany tekst: <\/strong>Je\u015bli zostawisz komentarz, jego tre\u015b\u0107 i metadane b\u0119d\u0105 przechowywane przez czas nieokre\u015blony. Dzi\u0119ki temu jeste\u015bmy w stanie rozpoznawa\u0107 i zatwierdza\u0107 kolejne komentarze automatycznie, bez wysy\u0142ania ich do ka\u017cdorazowej moderacji.<\/p>\n<!-- \/wp:paragraph -->\n\n<!-- wp:paragraph -->\n<p>Dla u\u017cytkownik\u00f3w kt\u00f3rzy zarejestrowali si\u0119 na naszej stronie internetowej (je\u015bli tacy s\u0105), przechowujemy r\u00f3wnie\u017c informacje osobiste wprowadzone w profilu. Ka\u017cdy u\u017cytkownik mo\u017ce dokona\u0107 wgl\u0105du, korekty albo skasowa\u0107 swoje informacje osobiste w dowolnej chwili (nie licz\u0105c nazwy u\u017cytkownika, kt\u00f3rej nie mo\u017cna zmieni\u0107). Administratorzy strony r\u00f3wnie\u017c mog\u0105 przegl\u0105da\u0107 i modyfikowa\u0107 te informacje.<\/p>\n<!-- \/wp:paragraph -->\n\n<!-- wp:heading -->\n<h2 class=\"wp-block-heading\">Jakie masz prawa do swoich danych<\/h2>\n<!-- \/wp:heading -->\n\n<!-- wp:paragraph -->\n<p><strong class=\"privacy-policy-tutorial\">Sugerowany tekst: <\/strong>Je\u015bli masz konto u\u017cytkownika albo doda\u0142e\u015b komentarze w tej witrynie, mo\u017cesz za\u017c\u0105da\u0107 dostarczenia pliku z wyeksportowanym kompletem twoich danych osobistych b\u0119d\u0105cych w naszym posiadaniu, w tym ca\u0142o\u015b\u0107 tych dostarczonych przez ciebie. Mo\u017cesz r\u00f3wnie\u017c za\u017c\u0105da\u0107 usuni\u0119cia przez nas ca\u0142o\u015bci twoich danych osobistych w naszym posiadaniu. Nie dotyczy to \u017cadnych danych kt\u00f3re jeste\u015bmy zobligowani zachowa\u0107 ze wzgl\u0119d\u00f3w administracyjnych, prawnych albo bezpiecze\u0144stwa.<\/p>\n<!-- \/wp:paragraph -->\n\n<!-- wp:heading -->\n<h2 class=\"wp-block-heading\">Gdzie wys\u0142amy twoje dane<\/h2>\n<!-- \/wp:heading -->\n\n<!-- wp:paragraph -->\n<p><strong class=\"privacy-policy-tutorial\">Sugerowany tekst: <\/strong>Komentarze go\u015bci mog\u0105 by\u0107 sprawdzane za pomoc\u0105 automatycznej us\u0142ugi wykrywania spamu.<\/p>\n<!-- \/wp:paragraph -->\n\n<!-- wp:paragraph -->\n<p><\/p>\n<!-- \/wp:paragraph -->","_et_gb_content_width":"","footnotes":""},"class_list":["post-70","page","type-page","status-publish","hentry"],"_links":{"self":[{"href":"https:\/\/maciejkrawiecki.pl\/index.php?rest_route=\/wp\/v2\/pages\/70","targetHints":{"allow":["GET"]}}],"collection":[{"href":"https:\/\/maciejkrawiecki.pl\/index.php?rest_route=\/wp\/v2\/pages"}],"about":[{"href":"https:\/\/maciejkrawiecki.pl\/index.php?rest_route=\/wp\/v2\/types\/page"}],"author":[{"embeddable":true,"href":"https:\/\/maciejkrawiecki.pl\/index.php?rest_route=\/wp\/v2\/users\/1"}],"replies":[{"embeddable":true,"href":"https:\/\/maciejkrawiecki.pl\/index.php?rest_route=%2Fwp%2Fv2%2Fcomments&post=70"}],"version-history":[{"count":3,"href":"https:\/\/maciejkrawiecki.pl\/index.php?rest_route=\/wp\/v2\/pages\/70\/revisions"}],"predecessor-version":[{"id":74,"href":"https:\/\/maciejkrawiecki.pl\/index.php?rest_route=\/wp\/v2\/pages\/70\/revisions\/74"}],"wp:attachment":[{"href":"https:\/\/maciejkrawiecki.pl\/index.php?rest_route=%2Fwp%2Fv2%2Fmedia&parent=70"}],"curies":[{"name":"wp","href":"https:\/\/api.w.org\/{rel}","templated":true}]}}